{"id":2,"date":"2023-08-15T19:40:08","date_gmt":"2023-08-15T17:40:08","guid":{"rendered":"https:\/\/jan-napiorkowski.profesjonalnyprogramista.pl\/?page_id=2"},"modified":"2023-08-15T23:14:37","modified_gmt":"2023-08-15T21:14:37","slug":"przykladowa-strona","status":"publish","type":"page","link":"https:\/\/jan-napiorkowski.profesjonalnyprogramista.pl\/?page_id=2","title":{"rendered":"Do\u015bwiadczenie"},"content":{"rendered":"\n<h2 class=\"wp-block-heading has-medium-font-size\">Specjalista ds. Wsparcia Sprzeda\u017cy w Vestel Poland \/ Vestel Holland (06.2022 &#8211; obecnie)<\/h2>\n\n\n\n<ul class=\"wp-block-list\">\n<li>praca w systemie logistycznym Exact i p\u00f3\u017aniej w SAP<\/li>\n\n\n\n<li>przygotowywanie zam\u00f3wie\u0144 kupna i wysy\u0142anie ich do fabryk<\/li>\n\n\n\n<li>kontrola procesu zamawiania produkt\u00f3w z fabryk<\/li>\n\n\n\n<li>tworzenie raport\u00f3w inwentarza<\/li>\n\n\n\n<li>obs\u0142uga systemu zwrot\u00f3w<\/li>\n\n\n\n<li>inwentaryzacja produkt\u00f3w do utylizacji<\/li>\n\n\n\n<li>wystawianie faktur korekcyjnych<\/li>\n\n\n\n<li>testowanie wprowadzanego systemu SAP<\/li>\n\n\n\n<li>kluczowy u\u017cytkownik SAP podczas wprowadzania systemu<\/li>\n\n\n\n<li>obs\u0142uga wirtualnych magazyn\u00f3w<\/li>\n<\/ul>\n\n\n\n<h2 class=\"wp-block-heading has-medium-font-size\">M\u0142odszy Specjalista ds. Weryfikacji dokumentacji w Vestel Poland (05.2021 &#8211; 06.2022)<\/h2>\n\n\n\n<ul class=\"wp-block-list\">\n<li>obs\u0142uga systemu zwrot\u00f3w<\/li>\n\n\n\n<li>wystawianie faktur korekcyjnych<\/li>\n\n\n\n<li>praca w systemie logistycznym Exact Globe<\/li>\n\n\n\n<li>tworzenie baz danych w Excelu<\/li>\n\n\n\n<li>tworzenie zam\u00f3wie\u0144 do fabryk<\/li>\n<\/ul>\n\n\n\n<h2 class=\"wp-block-heading has-medium-font-size\">Customer Support Representative with English (temporary) w GOG (12.2020 &#8211; 03.2021)<\/h2>\n\n\n\n<ul class=\"wp-block-list\">\n<li>obs\u0142uga klienta w j\u0119zyku polskim, angielskim oraz chi\u0144skim w pi\u015bmie<\/li>\n\n\n\n<li>przyjmowanie, weryfikowanie oraz akceptacja zwrot\u00f3w produkt\u00f3w<\/li>\n\n\n\n<li>tworzenie baz danych w Excelu<\/li>\n\n\n\n<li>praca na Zendesk<\/li>\n<\/ul>\n\n\n\n<h2 class=\"wp-block-heading has-medium-font-size\">Pracownik Produkcji w Formatec (01.2020 &#8211; 10.2020)<\/h2>\n\n\n\n<ul class=\"wp-block-list\">\n<li>&nbsp;obs\u0142uga maszyn i elektronarz\u0119dzi stolarskich<\/li>\n\n\n\n<li>samodzielna produkcja i monta\u017c mebli wed\u0142ug rysunk\u00f3w technicznych<\/li>\n\n\n\n<li>monta\u017ce mebli u klienta<\/li>\n\n\n\n<li>prowadzenie sklepu internetowego<\/li>\n\n\n\n<li>wype\u0142nianie dokumentacji produkcji<\/li>\n<\/ul>\n","protected":false},"excerpt":{"rendered":"<p>Specjalista ds. Wsparcia Sprzeda\u017cy w Vestel Poland \/ Vestel Holland (06.2022 &#8211; obecnie) M\u0142odszy Specjalista ds. Weryfikacji dokumentacji w Vestel Poland (05.2021 &#8211; 06.2022) Customer Support Representative with English (temporary) w GOG (12.2020 &#8211; 03.2021) Pracownik Produkcji w Formatec (01.2020 &#8211; 10.2020)<\/p>\n","protected":false},"author":1,"featured_media":0,"parent":0,"menu_order":0,"comment_status":"closed","ping_status":"open","template":"","meta":{"footnotes":""},"class_list":["post-2","page","type-page","status-publish","hentry"],"_links":{"self":[{"href":"https:\/\/jan-napiorkowski.profesjonalnyprogramista.pl\/index.php?rest_route=\/wp\/v2\/pages\/2","targetHints":{"allow":["GET"]}}],"collection":[{"href":"https:\/\/jan-napiorkowski.profesjonalnyprogramista.pl\/index.php?rest_route=\/wp\/v2\/pages"}],"about":[{"href":"https:\/\/jan-napiorkowski.profesjonalnyprogramista.pl\/index.php?rest_route=\/wp\/v2\/types\/page"}],"author":[{"embeddable":true,"href":"https:\/\/jan-napiorkowski.profesjonalnyprogramista.pl\/index.php?rest_route=\/wp\/v2\/users\/1"}],"replies":[{"embeddable":true,"href":"https:\/\/jan-napiorkowski.profesjonalnyprogramista.pl\/index.php?rest_route=%2Fwp%2Fv2%2Fcomments&post=2"}],"version-history":[{"count":3,"href":"https:\/\/jan-napiorkowski.profesjonalnyprogramista.pl\/index.php?rest_route=\/wp\/v2\/pages\/2\/revisions"}],"predecessor-version":[{"id":20,"href":"https:\/\/jan-napiorkowski.profesjonalnyprogramista.pl\/index.php?rest_route=\/wp\/v2\/pages\/2\/revisions\/20"}],"wp:attachment":[{"href":"https:\/\/jan-napiorkowski.profesjonalnyprogramista.pl\/index.php?rest_route=%2Fwp%2Fv2%2Fmedia&parent=2"}],"curies":[{"name":"wp","href":"https:\/\/api.w.org\/{rel}","templated":true}]}}