{"id":21,"date":"2023-08-15T23:18:14","date_gmt":"2023-08-15T21:18:14","guid":{"rendered":"https:\/\/jan-napiorkowski.profesjonalnyprogramista.pl\/?page_id=21"},"modified":"2023-09-18T21:41:57","modified_gmt":"2023-09-18T19:41:57","slug":"portfolio","status":"publish","type":"page","link":"https:\/\/jan-napiorkowski.profesjonalnyprogramista.pl\/?page_id=21","title":{"rendered":"Portfolio"},"content":{"rendered":"\n<div class=\"wp-block-query is-layout-flow wp-block-query-is-layout-flow\"><ul class=\"wp-block-post-template is-layout-flow wp-block-post-template-is-layout-flow\"><li class=\"wp-block-post post-52 post type-post status-publish format-standard has-post-thumbnail hentry category-projekt\">\n<h2 class=\"wp-block-post-title\"><a href=\"https:\/\/jan-napiorkowski.profesjonalnyprogramista.pl\/?p=52\" target=\"_self\" >Ksi\u0105\u017cka adresowa stworzona w C++<\/a><\/h2>\n\n<figure class=\"alignwide wp-block-post-featured-image\"><a href=\"https:\/\/jan-napiorkowski.profesjonalnyprogramista.pl\/?p=52\" target=\"_self\"  ><img loading=\"lazy\" decoding=\"async\" width=\"981\" height=\"322\" src=\"https:\/\/jan-napiorkowski.profesjonalnyprogramista.pl\/wp-content\/uploads\/2023\/08\/Przechwytywanie-1-e1692300454953.jpg\" class=\"attachment-post-thumbnail size-post-thumbnail wp-post-image\" alt=\"Ksi\u0105\u017cka adresowa stworzona w C++\" style=\"object-fit:cover;\" srcset=\"https:\/\/jan-napiorkowski.profesjonalnyprogramista.pl\/wp-content\/uploads\/2023\/08\/Przechwytywanie-1-e1692300454953.jpg 981w, https:\/\/jan-napiorkowski.profesjonalnyprogramista.pl\/wp-content\/uploads\/2023\/08\/Przechwytywanie-1-e1692300454953-300x98.jpg 300w, https:\/\/jan-napiorkowski.profesjonalnyprogramista.pl\/wp-content\/uploads\/2023\/08\/Przechwytywanie-1-e1692300454953-768x252.jpg 768w\" sizes=\"auto, (max-width: 981px) 100vw, 981px\" \/><\/a><\/figure>\n\n<div class=\"wp-block-post-excerpt\"><p class=\"wp-block-post-excerpt__excerpt\">Aplikacja, kt\u00f3r\u0105 napisa\u0142em ca\u0142kowicie sam, ca\u0142kowicie w j\u0119zyku C++ w ramach kursu Przysz\u0142yProgramista, kt\u00f3rej celem, jak sama nazwa wskazuje, jest prowadzenie swojej ksi\u0105\u017cki adresowej. Jest to m\u00f3j pierwszy du\u017cy projekt jakiejkolwiek u\u017cytecznej aplikacji, niestety wy\u0142\u0105cznie w konsoli windowsa, ale za to w wersji zar\u00f3wno strukturalnej, jak i obiektowej.. Pe\u0142ny jej kod wersji obiektowej mo\u017cna znale\u017a\u0107&hellip; <\/p><\/div>\n\n\n<hr class=\"wp-block-separator has-css-opacity\"\/>\n\n\n<div class=\"wp-block-post-date\"><time datetime=\"2023-08-17T21:13:49+02:00\">2023-08-17<\/time><\/div>\n<\/li><li class=\"wp-block-post post-1 post type-post status-publish format-standard has-post-thumbnail hentry category-projekt\">\n<h2 class=\"wp-block-post-title\"><a href=\"https:\/\/jan-napiorkowski.profesjonalnyprogramista.pl\/?p=1\" target=\"_self\" >Aplikacja internetowa do zarz\u0105dzania bud\u017cetem osobistym<\/a><\/h2>\n\n<figure class=\"alignwide wp-block-post-featured-image\"><a href=\"https:\/\/jan-napiorkowski.profesjonalnyprogramista.pl\/?p=1\" target=\"_self\"  ><img loading=\"lazy\" decoding=\"async\" width=\"1228\" height=\"328\" src=\"https:\/\/jan-napiorkowski.profesjonalnyprogramista.pl\/wp-content\/uploads\/2023\/08\/cropped-naf.jpg\" class=\"attachment-post-thumbnail size-post-thumbnail wp-post-image\" alt=\"Aplikacja internetowa do zarz\u0105dzania bud\u017cetem osobistym\" style=\"object-fit:cover;\" srcset=\"https:\/\/jan-napiorkowski.profesjonalnyprogramista.pl\/wp-content\/uploads\/2023\/08\/cropped-naf.jpg 1228w, https:\/\/jan-napiorkowski.profesjonalnyprogramista.pl\/wp-content\/uploads\/2023\/08\/cropped-naf-300x80.jpg 300w, https:\/\/jan-napiorkowski.profesjonalnyprogramista.pl\/wp-content\/uploads\/2023\/08\/cropped-naf-1024x274.jpg 1024w, https:\/\/jan-napiorkowski.profesjonalnyprogramista.pl\/wp-content\/uploads\/2023\/08\/cropped-naf-768x205.jpg 768w\" sizes=\"auto, (max-width: 1228px) 100vw, 1228px\" \/><\/a><\/figure>\n\n<div class=\"wp-block-post-excerpt\"><p class=\"wp-block-post-excerpt__excerpt\">Aplikacja internetowa stworzona przeze mnie w ramach kursu Przysz\u0142y Programista na podstawie samodzielnie zrobionego wzorca MVC. G\u0142\u00f3wnymi jej funkcjami s\u0105 dodawanie osobistych wydatk\u00f3w i przychod\u00f3w oraz mo\u017cliwo\u015b\u0107 p\u00f3\u017aniejszego wy\u015bwietlenia ich. Do stworzenia jej u\u017cy\u0142em j\u0119zyk\u00f3w PHP, CSS, JS, HTML i MySQL oraz dodatkowo templatki Twig, frameworka Bootstrap i JQuery. Aplikacj\u0119 mo\u017cna znale\u017a\u0107 i przetestowa\u0107 tutaj,&hellip; <\/p><\/div>\n\n\n<hr class=\"wp-block-separator has-css-opacity\"\/>\n\n\n<div class=\"wp-block-post-date\"><time datetime=\"2023-08-15T19:40:08+02:00\">2023-08-15<\/time><\/div>\n<\/li><\/ul><\/div>\n","protected":false},"excerpt":{"rendered":"","protected":false},"author":1,"featured_media":0,"parent":0,"menu_order":0,"comment_status":"closed","ping_status":"closed","template":"page-templates\/portfolio.php","meta":{"footnotes":""},"class_list":["post-21","page","type-page","status-publish","hentry"],"_links":{"self":[{"href":"https:\/\/jan-napiorkowski.profesjonalnyprogramista.pl\/index.php?rest_route=\/wp\/v2\/pages\/21","targetHints":{"allow":["GET"]}}],"collection":[{"href":"https:\/\/jan-napiorkowski.profesjonalnyprogramista.pl\/index.php?rest_route=\/wp\/v2\/pages"}],"about":[{"href":"https:\/\/jan-napiorkowski.profesjonalnyprogramista.pl\/index.php?rest_route=\/wp\/v2\/types\/page"}],"author":[{"embeddable":true,"href":"https:\/\/jan-napiorkowski.profesjonalnyprogramista.pl\/index.php?rest_route=\/wp\/v2\/users\/1"}],"replies":[{"embeddable":true,"href":"https:\/\/jan-napiorkowski.profesjonalnyprogramista.pl\/index.php?rest_route=%2Fwp%2Fv2%2Fcomments&post=21"}],"version-history":[{"count":4,"href":"https:\/\/jan-napiorkowski.profesjonalnyprogramista.pl\/index.php?rest_route=\/wp\/v2\/pages\/21\/revisions"}],"predecessor-version":[{"id":85,"href":"https:\/\/jan-napiorkowski.profesjonalnyprogramista.pl\/index.php?rest_route=\/wp\/v2\/pages\/21\/revisions\/85"}],"wp:attachment":[{"href":"https:\/\/jan-napiorkowski.profesjonalnyprogramista.pl\/index.php?rest_route=%2Fwp%2Fv2%2Fmedia&parent=21"}],"curies":[{"name":"wp","href":"https:\/\/api.w.org\/{rel}","templated":true}]}}