{"id":35,"date":"2023-08-17T20:38:40","date_gmt":"2023-08-17T18:38:40","guid":{"rendered":"https:\/\/jan-napiorkowski.profesjonalnyprogramista.pl\/?page_id=35"},"modified":"2023-09-18T21:46:50","modified_gmt":"2023-09-18T19:46:50","slug":"o-mnie","status":"publish","type":"page","link":"https:\/\/jan-napiorkowski.profesjonalnyprogramista.pl\/","title":{"rendered":"O mnie"},"content":{"rendered":"\n<p>Jak nazwa strony wskazuje, nazywam si\u0119 Jan Napi\u00f3rkowski i jestem programist\u0105&#8230; prawie. Poza kursem programowania nie mam jeszcze w tym kierunku \u017cadnego do\u015bwiadczenia, ale bardzo ch\u0119tnie bym je zdoby\u0142. Z wykszta\u0142cenia jestem in\u017cynierem technologii drewna o specjalizacji meblarskiej, ale ze wzgl\u0119du na niskie zarobki w tej bran\u017cy, prac\u0119 fizyczn\u0105, kt\u00f3rej po kilku latach ja, moje kolana i plecy mamy do\u015b\u0107 oraz konieczno\u015b\u0107 przeprowadzenia si\u0119 na prowincj\u0119 postanowi\u0142em spr\u00f3bowa\u0107 swoich si\u0142 w programowaniu. Znaczy&#8230; to jeszcze przede mn\u0105. <\/p>\n\n\n\n<p>W tej chwili pracuj\u0119 w logistyce jako specjalista od zakup\u00f3w (b\u0142\u0119dnie nazwany specjalist\u0105 od wsparcia sprzeda\u017cy) dla oddzia\u0142u tureckiej firmy Vestel zajmuj\u0105cej si\u0119 produkcj\u0105 RTV i AGD. Podczas studi\u00f3w pracowa\u0142em przez chwil\u0119 dla firmy GOG jako obs\u0142uga klienta w j\u0119zyku angielskim (i troch\u0119 z chi\u0144skim z translatorem) podczas ich niefortunnej premiery gry Cyberpunk 2077, wcze\u015bniej przy produkcji mebli z p\u0142yty w firmie Formatec, a jeszcze przedtem dorywczo pomaga\u0142em rodze\u0144stwu w firmach budowlanych od 2014 roku.<\/p>\n\n\n\n<p>Moje prawie pe\u0142ne do\u015bwiadczenie mo\u017cna znale\u017a\u0107 <a href=\"https:\/\/jan-napiorkowski.profesjonalnyprogramista.pl\/?page_id=2\">tutaj<\/a>. Nie uwzgl\u0119dnia\u0142em w nim pomniejszych prac w sklepie, przy dostawie jedzenia czy przy eventach.<\/p>\n\n\n\n<p>My\u015bl\u0119, \u017ce moje szerokie do\u015bwiadczenie w wielu bran\u017cach, kt\u00f3re cz\u0119sto nie maj\u0105 ze sob\u0105 nic wsp\u00f3lnego udowadnia, \u017ce jestem osob\u0105, kt\u00f3ra poradzi sobie ze wszystkim i nie boi si\u0119 wyzwa\u0144. Poza tym jestem w stanie szybko nauczy\u0107 si\u0119 cokolwiek by nie by\u0142o ode mnie wymagane, jestem odporny na stres i prac\u0119 pod presj\u0105 oraz my\u015bl\u0119, \u017ce jestem bardzo samodzielny i kreatywny. Za to je\u015bli chodzi o wady, mog\u0119 by\u0107 nawet za bardzo samodzielny dla wielu kierownik\u00f3w, poniewa\u017c nie lubi\u0119 jak mi si\u0119 patrzy na r\u0119ce, nie mam problemu z m\u00f3wieniem co my\u015bl\u0119 (my\u015bli raczej mam pozytywne, ale nie hamuj\u0119 si\u0119, je\u015bli widz\u0119 b\u0142\u0119dy) i mimo \u017ce nie przeszkadza mi praca w grupie (z tego co wiem to moim wsp\u00f3\u0142pracownikom nigdy nie przeszkadza\u0142a praca ze mn\u0105) to wol\u0119 pracowa\u0107 sam.<\/p>\n\n\n\n<p> Na koniec zostawiam sw\u00f3j skr\u00f3t testu osobowo\u015bci Big5 z <a href=\"https:\/\/www.understandmyself.com\/\">Understandmyself<\/a>, dla os\u00f3b kt\u00f3re to interesuje:<\/p>\n\n\n\n<div class=\"wp-block-columns is-layout-flex wp-container-core-columns-is-layout-9d6595d7 wp-block-columns-is-layout-flex\">\n<div class=\"wp-block-column is-layout-flow wp-block-column-is-layout-flow\">\n<div class=\"wp-block-columns is-layout-flex wp-container-core-columns-is-layout-9d6595d7 wp-block-columns-is-layout-flex\">\n<div class=\"wp-block-column is-layout-flow wp-block-column-is-layout-flow\">\n<figure class=\"wp-block-image size-full\"><img loading=\"lazy\" decoding=\"async\" width=\"436\" height=\"655\" src=\"https:\/\/jan-napiorkowski.profesjonalnyprogramista.pl\/wp-content\/uploads\/2023\/08\/Conscientiousness.jpg\" alt=\"\" class=\"wp-image-36\" srcset=\"https:\/\/jan-napiorkowski.profesjonalnyprogramista.pl\/wp-content\/uploads\/2023\/08\/Conscientiousness.jpg 436w, https:\/\/jan-napiorkowski.profesjonalnyprogramista.pl\/wp-content\/uploads\/2023\/08\/Conscientiousness-200x300.jpg 200w\" sizes=\"auto, (max-width: 436px) 100vw, 436px\" \/><\/figure>\n<\/div>\n\n\n\n<div class=\"wp-block-column is-layout-flow wp-block-column-is-layout-flow\">\n<figure class=\"wp-block-image size-full\"><img loading=\"lazy\" decoding=\"async\" width=\"436\" height=\"655\" src=\"https:\/\/jan-napiorkowski.profesjonalnyprogramista.pl\/wp-content\/uploads\/2023\/08\/Agreeableness.jpg\" alt=\"\" class=\"wp-image-37\" srcset=\"https:\/\/jan-napiorkowski.profesjonalnyprogramista.pl\/wp-content\/uploads\/2023\/08\/Agreeableness.jpg 436w, https:\/\/jan-napiorkowski.profesjonalnyprogramista.pl\/wp-content\/uploads\/2023\/08\/Agreeableness-200x300.jpg 200w\" sizes=\"auto, (max-width: 436px) 100vw, 436px\" \/><\/figure>\n<\/div>\n\n\n\n<div class=\"wp-block-column is-layout-flow wp-block-column-is-layout-flow\">\n<figure class=\"wp-block-image size-full\"><img loading=\"lazy\" decoding=\"async\" width=\"440\" height=\"655\" src=\"https:\/\/jan-napiorkowski.profesjonalnyprogramista.pl\/wp-content\/uploads\/2023\/08\/Extraversion.jpg\" alt=\"\" class=\"wp-image-38\" srcset=\"https:\/\/jan-napiorkowski.profesjonalnyprogramista.pl\/wp-content\/uploads\/2023\/08\/Extraversion.jpg 440w, https:\/\/jan-napiorkowski.profesjonalnyprogramista.pl\/wp-content\/uploads\/2023\/08\/Extraversion-202x300.jpg 202w\" sizes=\"auto, (max-width: 440px) 100vw, 440px\" \/><\/figure>\n<\/div>\n<\/div>\n<\/div>\n<\/div>\n\n\n\n<div class=\"wp-block-columns is-layout-flex wp-container-core-columns-is-layout-9d6595d7 wp-block-columns-is-layout-flex\">\n<div class=\"wp-block-column is-layout-flow wp-block-column-is-layout-flow\">\n<figure class=\"wp-block-image size-full\"><img loading=\"lazy\" decoding=\"async\" width=\"440\" height=\"655\" src=\"https:\/\/jan-napiorkowski.profesjonalnyprogramista.pl\/wp-content\/uploads\/2023\/08\/Neuroticism.jpg\" alt=\"\" class=\"wp-image-39\" srcset=\"https:\/\/jan-napiorkowski.profesjonalnyprogramista.pl\/wp-content\/uploads\/2023\/08\/Neuroticism.jpg 440w, https:\/\/jan-napiorkowski.profesjonalnyprogramista.pl\/wp-content\/uploads\/2023\/08\/Neuroticism-202x300.jpg 202w\" sizes=\"auto, (max-width: 440px) 100vw, 440px\" \/><\/figure>\n<\/div>\n\n\n\n<div class=\"wp-block-column is-layout-flow wp-block-column-is-layout-flow\">\n<figure class=\"wp-block-image size-full\"><img loading=\"lazy\" decoding=\"async\" width=\"440\" height=\"655\" src=\"https:\/\/jan-napiorkowski.profesjonalnyprogramista.pl\/wp-content\/uploads\/2023\/08\/Openess-to-experience.jpg\" alt=\"\" class=\"wp-image-40\" srcset=\"https:\/\/jan-napiorkowski.profesjonalnyprogramista.pl\/wp-content\/uploads\/2023\/08\/Openess-to-experience.jpg 440w, https:\/\/jan-napiorkowski.profesjonalnyprogramista.pl\/wp-content\/uploads\/2023\/08\/Openess-to-experience-202x300.jpg 202w\" sizes=\"auto, (max-width: 440px) 100vw, 440px\" \/><\/figure>\n<\/div>\n<\/div>\n","protected":false},"excerpt":{"rendered":"<p>Jak nazwa strony wskazuje, nazywam si\u0119 Jan Napi\u00f3rkowski i jestem programist\u0105&#8230; prawie. Poza kursem programowania nie mam jeszcze w tym kierunku \u017cadnego do\u015bwiadczenia, ale bardzo ch\u0119tnie bym je zdoby\u0142. Z wykszta\u0142cenia jestem in\u017cynierem technologii drewna o specjalizacji meblarskiej, ale ze wzgl\u0119du na niskie zarobki w tej bran\u017cy, prac\u0119 fizyczn\u0105, kt\u00f3rej po kilku latach ja, moje [&hellip;]<\/p>\n","protected":false},"author":1,"featured_media":0,"parent":0,"menu_order":0,"comment_status":"closed","ping_status":"closed","template":"","meta":{"footnotes":""},"class_list":["post-35","page","type-page","status-publish","hentry"],"_links":{"self":[{"href":"https:\/\/jan-napiorkowski.profesjonalnyprogramista.pl\/index.php?rest_route=\/wp\/v2\/pages\/35","targetHints":{"allow":["GET"]}}],"collection":[{"href":"https:\/\/jan-napiorkowski.profesjonalnyprogramista.pl\/index.php?rest_route=\/wp\/v2\/pages"}],"about":[{"href":"https:\/\/jan-napiorkowski.profesjonalnyprogramista.pl\/index.php?rest_route=\/wp\/v2\/types\/page"}],"author":[{"embeddable":true,"href":"https:\/\/jan-napiorkowski.profesjonalnyprogramista.pl\/index.php?rest_route=\/wp\/v2\/users\/1"}],"replies":[{"embeddable":true,"href":"https:\/\/jan-napiorkowski.profesjonalnyprogramista.pl\/index.php?rest_route=%2Fwp%2Fv2%2Fcomments&post=35"}],"version-history":[{"count":3,"href":"https:\/\/jan-napiorkowski.profesjonalnyprogramista.pl\/index.php?rest_route=\/wp\/v2\/pages\/35\/revisions"}],"predecessor-version":[{"id":45,"href":"https:\/\/jan-napiorkowski.profesjonalnyprogramista.pl\/index.php?rest_route=\/wp\/v2\/pages\/35\/revisions\/45"}],"wp:attachment":[{"href":"https:\/\/jan-napiorkowski.profesjonalnyprogramista.pl\/index.php?rest_route=%2Fwp%2Fv2%2Fmedia&parent=35"}],"curies":[{"name":"wp","href":"https:\/\/api.w.org\/{rel}","templated":true}]}}