{"id":46,"date":"2023-08-17T21:03:18","date_gmt":"2023-08-17T19:03:18","guid":{"rendered":"https:\/\/jan-napiorkowski.profesjonalnyprogramista.pl\/?page_id=46"},"modified":"2023-10-03T22:00:49","modified_gmt":"2023-10-03T20:00:49","slug":"certyfikaty","status":"publish","type":"page","link":"https:\/\/jan-napiorkowski.profesjonalnyprogramista.pl\/?page_id=46","title":{"rendered":"Certyfikaty"},"content":{"rendered":"\n<h2 class=\"wp-block-heading\">Certyfikaty, kt\u00f3re do tej pory uda\u0142o mi si\u0119 zdoby\u0107:<\/h2>\n\n\n\n<figure class=\"wp-block-image size-large\"><a href=\"https:\/\/www.udemy.com\/certificate\/UC-2376550a-20d3-43d8-be13-9dfff050ca7c\/\"><img decoding=\"async\" src=\"https:\/\/udemy-certificate.s3.amazonaws.com\/image\/UC-2376550a-20d3-43d8-be13-9dfff050ca7c.jpg?v=1696362804000\" alt=\"\"\/><\/a><\/figure>\n\n\n\n<figure class=\"wp-block-image size-large\"><a href=\"https:\/\/www.udemy.com\/certificate\/UC-4e439df4-25fe-4bef-a2d0-c7fac21908ad\/\"><img decoding=\"async\" src=\"https:\/\/udemy-certificate.s3.amazonaws.com\/image\/UC-4e439df4-25fe-4bef-a2d0-c7fac21908ad.jpg?v=1694553585000\" alt=\"\"\/><\/a><\/figure>\n\n\n\n<div class=\"wp-block-columns is-layout-flex wp-container-core-columns-is-layout-9d6595d7 wp-block-columns-is-layout-flex\">\n<div class=\"wp-block-column is-layout-flow wp-block-column-is-layout-flow\">\n<figure class=\"wp-block-image size-large is-resized\"><a href=\"https:\/\/www.udemy.com\/certificate\/UC-26e70825-f6de-4674-8555-2a1f4ef3071d\/\"><img loading=\"lazy\" decoding=\"async\" src=\"https:\/\/jan-napiorkowski.profesjonalnyprogramista.pl\/wp-content\/uploads\/2023\/08\/UC-26e70825-f6de-4674-8555-2a1f4ef3071d-1024x762.jpg\" alt=\"\" class=\"wp-image-47\" style=\"width:840px;height:625px\" width=\"840\" height=\"625\" srcset=\"https:\/\/jan-napiorkowski.profesjonalnyprogramista.pl\/wp-content\/uploads\/2023\/08\/UC-26e70825-f6de-4674-8555-2a1f4ef3071d-1024x762.jpg 1024w, https:\/\/jan-napiorkowski.profesjonalnyprogramista.pl\/wp-content\/uploads\/2023\/08\/UC-26e70825-f6de-4674-8555-2a1f4ef3071d-300x223.jpg 300w, https:\/\/jan-napiorkowski.profesjonalnyprogramista.pl\/wp-content\/uploads\/2023\/08\/UC-26e70825-f6de-4674-8555-2a1f4ef3071d-768x571.jpg 768w, https:\/\/jan-napiorkowski.profesjonalnyprogramista.pl\/wp-content\/uploads\/2023\/08\/UC-26e70825-f6de-4674-8555-2a1f4ef3071d-1536x1142.jpg 1536w, https:\/\/jan-napiorkowski.profesjonalnyprogramista.pl\/wp-content\/uploads\/2023\/08\/UC-26e70825-f6de-4674-8555-2a1f4ef3071d.jpg 1600w\" sizes=\"auto, (max-width: 840px) 100vw, 840px\" \/><\/a><\/figure>\n<\/div>\n<\/div>\n\n\n\n<figure class=\"wp-block-image size-large\"><a href=\"https:\/\/www.udemy.com\/certificate\/UC-5f663eee-d4a3-4181-9770-1d6a2fc769e2\/\"><img loading=\"lazy\" decoding=\"async\" width=\"1024\" height=\"762\" src=\"https:\/\/jan-napiorkowski.profesjonalnyprogramista.pl\/wp-content\/uploads\/2023\/08\/UC-5f663eee-d4a3-4181-9770-1d6a2fc769e2-1024x762.jpg\" alt=\"\" class=\"wp-image-48\" srcset=\"https:\/\/jan-napiorkowski.profesjonalnyprogramista.pl\/wp-content\/uploads\/2023\/08\/UC-5f663eee-d4a3-4181-9770-1d6a2fc769e2-1024x762.jpg 1024w, https:\/\/jan-napiorkowski.profesjonalnyprogramista.pl\/wp-content\/uploads\/2023\/08\/UC-5f663eee-d4a3-4181-9770-1d6a2fc769e2-300x223.jpg 300w, https:\/\/jan-napiorkowski.profesjonalnyprogramista.pl\/wp-content\/uploads\/2023\/08\/UC-5f663eee-d4a3-4181-9770-1d6a2fc769e2-768x571.jpg 768w, https:\/\/jan-napiorkowski.profesjonalnyprogramista.pl\/wp-content\/uploads\/2023\/08\/UC-5f663eee-d4a3-4181-9770-1d6a2fc769e2-1536x1142.jpg 1536w, https:\/\/jan-napiorkowski.profesjonalnyprogramista.pl\/wp-content\/uploads\/2023\/08\/UC-5f663eee-d4a3-4181-9770-1d6a2fc769e2.jpg 1600w\" sizes=\"auto, (max-width: 1024px) 100vw, 1024px\" \/><\/a><\/figure>\n\n\n\n<figure class=\"wp-block-image size-large\"><a href=\"https:\/\/www.sololearn.com\/Certificate\/CT-UG2QCD44\/png\"><img loading=\"lazy\" decoding=\"async\" width=\"1024\" height=\"723\" src=\"https:\/\/jan-napiorkowski.profesjonalnyprogramista.pl\/wp-content\/uploads\/2023\/08\/cert-CT-UG2QCD44-1024x723.png\" alt=\"\" class=\"wp-image-49\" srcset=\"https:\/\/jan-napiorkowski.profesjonalnyprogramista.pl\/wp-content\/uploads\/2023\/08\/cert-CT-UG2QCD44-1024x723.png 1024w, https:\/\/jan-napiorkowski.profesjonalnyprogramista.pl\/wp-content\/uploads\/2023\/08\/cert-CT-UG2QCD44-300x212.png 300w, https:\/\/jan-napiorkowski.profesjonalnyprogramista.pl\/wp-content\/uploads\/2023\/08\/cert-CT-UG2QCD44-768x542.png 768w, https:\/\/jan-napiorkowski.profesjonalnyprogramista.pl\/wp-content\/uploads\/2023\/08\/cert-CT-UG2QCD44-1536x1084.png 1536w, https:\/\/jan-napiorkowski.profesjonalnyprogramista.pl\/wp-content\/uploads\/2023\/08\/cert-CT-UG2QCD44.png 1754w\" sizes=\"auto, (max-width: 1024px) 100vw, 1024px\" \/><\/a><\/figure>\n\n\n\n<figure class=\"wp-block-image size-large\"><a href=\"https:\/\/www.udemy.com\/certificate\/UC-eb70607b-1d83-4505-8ccb-5a18ffbc1509\/\"><img loading=\"lazy\" decoding=\"async\" width=\"1024\" height=\"762\" src=\"https:\/\/jan-napiorkowski.profesjonalnyprogramista.pl\/wp-content\/uploads\/2023\/08\/UC-eb70607b-1d83-4505-8ccb-5a18ffbc1509-1024x762.jpg\" alt=\"\" class=\"wp-image-50\" srcset=\"https:\/\/jan-napiorkowski.profesjonalnyprogramista.pl\/wp-content\/uploads\/2023\/08\/UC-eb70607b-1d83-4505-8ccb-5a18ffbc1509-1024x762.jpg 1024w, https:\/\/jan-napiorkowski.profesjonalnyprogramista.pl\/wp-content\/uploads\/2023\/08\/UC-eb70607b-1d83-4505-8ccb-5a18ffbc1509-300x223.jpg 300w, https:\/\/jan-napiorkowski.profesjonalnyprogramista.pl\/wp-content\/uploads\/2023\/08\/UC-eb70607b-1d83-4505-8ccb-5a18ffbc1509-768x571.jpg 768w, https:\/\/jan-napiorkowski.profesjonalnyprogramista.pl\/wp-content\/uploads\/2023\/08\/UC-eb70607b-1d83-4505-8ccb-5a18ffbc1509-1536x1142.jpg 1536w, https:\/\/jan-napiorkowski.profesjonalnyprogramista.pl\/wp-content\/uploads\/2023\/08\/UC-eb70607b-1d83-4505-8ccb-5a18ffbc1509.jpg 1600w\" sizes=\"auto, (max-width: 1024px) 100vw, 1024px\" \/><\/a><\/figure>\n\n\n\n<p>No i niestety zgubiony przeze mnie certyfikat podstawowy Autodesk Fusion 360, kt\u00f3ry zdoby\u0142em podczas studi\u00f3w. Jedynym po\u015bwiadczeniem jakie m\u00f3g\u0142bym zaprezentowa\u0107 jest samo oprogramowanie, kt\u00f3re dosta\u0142em za darmo na sta\u0142e wraz z certyfikatem.<\/p>\n","protected":false},"excerpt":{"rendered":"<p>Certyfikaty, kt\u00f3re do tej pory uda\u0142o mi si\u0119 zdoby\u0107: No i niestety zgubiony przeze mnie certyfikat podstawowy Autodesk Fusion 360, kt\u00f3ry zdoby\u0142em podczas studi\u00f3w. Jedynym po\u015bwiadczeniem jakie m\u00f3g\u0142bym zaprezentowa\u0107 jest samo oprogramowanie, kt\u00f3re dosta\u0142em za darmo na sta\u0142e wraz z certyfikatem.<\/p>\n","protected":false},"author":1,"featured_media":0,"parent":0,"menu_order":0,"comment_status":"closed","ping_status":"closed","template":"","meta":{"footnotes":""},"class_list":["post-46","page","type-page","status-publish","hentry"],"_links":{"self":[{"href":"https:\/\/jan-napiorkowski.profesjonalnyprogramista.pl\/index.php?rest_route=\/wp\/v2\/pages\/46","targetHints":{"allow":["GET"]}}],"collection":[{"href":"https:\/\/jan-napiorkowski.profesjonalnyprogramista.pl\/index.php?rest_route=\/wp\/v2\/pages"}],"about":[{"href":"https:\/\/jan-napiorkowski.profesjonalnyprogramista.pl\/index.php?rest_route=\/wp\/v2\/types\/page"}],"author":[{"embeddable":true,"href":"https:\/\/jan-napiorkowski.profesjonalnyprogramista.pl\/index.php?rest_route=\/wp\/v2\/users\/1"}],"replies":[{"embeddable":true,"href":"https:\/\/jan-napiorkowski.profesjonalnyprogramista.pl\/index.php?rest_route=%2Fwp%2Fv2%2Fcomments&post=46"}],"version-history":[{"count":3,"href":"https:\/\/jan-napiorkowski.profesjonalnyprogramista.pl\/index.php?rest_route=\/wp\/v2\/pages\/46\/revisions"}],"predecessor-version":[{"id":94,"href":"https:\/\/jan-napiorkowski.profesjonalnyprogramista.pl\/index.php?rest_route=\/wp\/v2\/pages\/46\/revisions\/94"}],"wp:attachment":[{"href":"https:\/\/jan-napiorkowski.profesjonalnyprogramista.pl\/index.php?rest_route=%2Fwp%2Fv2%2Fmedia&parent=46"}],"curies":[{"name":"wp","href":"https:\/\/api.w.org\/{rel}","templated":true}]}}